{"id":89,"date":"2019-01-01T12:33:59","date_gmt":"2019-01-01T11:33:59","guid":{"rendered":"https:\/\/koepfweb.de\/en\/biographie\/"},"modified":"2022-05-20T11:23:02","modified_gmt":"2022-05-20T09:23:02","slug":"biography","status":"publish","type":"page","link":"https:\/\/koepf-photoart.de\/en\/biography\/","title":{"rendered":"Biography"},"content":{"rendered":"[et_pb_section fb_built=&#8221;1&#8243; disabled_on=&#8221;off|off|&#8221; module_id=&#8221;new_logo&#8221; _builder_version=&#8221;3.22&#8243; custom_margin=&#8221;0px||0px|&#8221; custom_padding=&#8221;0px|0px|0px|0px&#8221; global_module=&#8221;4207&#8243;][et_pb_row _builder_version=&#8221;3.25&#8243; background_size=&#8221;initial&#8221; background_position=&#8221;top_left&#8221; background_repeat=&#8221;repeat&#8221; module_alignment=&#8221;center&#8221; custom_margin=&#8221;0px||0px|&#8221; custom_padding=&#8221;0px|0px|40px|0px&#8221; border_width_bottom=&#8221;1px&#8221; border_color_bottom=&#8221;#d8d8d8&#8243;][et_pb_column type=&#8221;4_4&#8243; _builder_version=&#8221;3.25&#8243; custom_padding=&#8221;|||&#8221; custom_padding__hover=&#8221;|||&#8221;][et_pb_image src=&#8221;https:\/\/koepf-photoart.de\/en\/wp-content\/uploads\/sites\/3\/2019\/01\/Logo-AK.png&#8221; url=&#8221;https:\/\/koepf-photoart.de\/en\/&#8221; align=&#8221;center&#8221; align_tablet=&#8221;center&#8221; align_phone=&#8221;&#8221; align_last_edited=&#8221;on|desktop&#8221; admin_label=&#8221;Logo&#8221; module_id=&#8221;logo-neu&#8221; _builder_version=&#8221;3.23&#8243; custom_margin=&#8221;0px||0px|&#8221; custom_padding=&#8221;0px|0px|0px|0px&#8221;][\/et_pb_image][\/et_pb_column][\/et_pb_row][\/et_pb_section][et_pb_section fb_built=&#8221;1&#8243; _builder_version=&#8221;3.22&#8243; custom_padding=&#8221;||100px|&#8221;][et_pb_row _builder_version=&#8221;3.25&#8243; background_size=&#8221;initial&#8221; background_position=&#8221;top_left&#8221; background_repeat=&#8221;repeat&#8221;][et_pb_column type=&#8221;4_4&#8243; _builder_version=&#8221;3.25&#8243; custom_padding=&#8221;|||&#8221; custom_padding__hover=&#8221;|||&#8221;][et_pb_image src=&#8221;https:\/\/koepf-photoart.de\/wp-content\/uploads\/2018\/12\/AK-Antarctica.jpg&#8221; align_tablet=&#8221;center&#8221; align_phone=&#8221;&#8221; align_last_edited=&#8221;on|desktop&#8221; _builder_version=&#8221;3.23&#8243;][\/et_pb_image][et_pb_text admin_label=&#8221;Treibende Kraft ist &#8221; _builder_version=&#8221;3.27.4&#8243; custom_padding=&#8221;||40px|&#8221; border_width_bottom=&#8221;1px&#8221; border_color_bottom=&#8221;#d8d8d8&#8243;]\n<p>\nTreibende Kraft ist f\u00fcr mich die Liebe zum Reisen, zur Natur und zur Fotografie. Das Eine wird durch das Andere erg\u00e4nzt. Durch die Fotografie habe ich \u201eSehen\u201c, also intensiver Wahrnehmen gelernt. Das empfinde ich immer wieder als phantastisch. Ich verstehe mich nicht allein als Fotograf der die Realit\u00e4t ablichtet, ich suche vor allem den k\u00fcnstlerischen Ansatz der Fotografie.<\/p>\n[\/et_pb_text][\/et_pb_column][\/et_pb_row][et_pb_row _builder_version=&#8221;3.25&#8243; background_size=&#8221;initial&#8221; background_position=&#8221;top_left&#8221; background_repeat=&#8221;repeat&#8221;][et_pb_column type=&#8221;4_4&#8243; _builder_version=&#8221;3.25&#8243; custom_padding=&#8221;|||&#8221; custom_padding__hover=&#8221;|||&#8221;][et_pb_text _builder_version=&#8221;4.9.10&#8243;]\n<h1>\u00a0Vita<\/h1>\n<ul>\n<li>1968 geboren<\/li>\n<li>1980 erstes Interesse an der Fotografie<\/li>\n<li>ab 1989 autodidaktisches Studium der Fotografie, experimentelle Fotografie<\/li>\n<li>Seit 1992 Freier Mitarbeiter der Sport- und Lokalredaktion des Haller Tagblatts als Fotograf, Berichterstattung, Reportagen<\/li>\n<li>Zahlreiche freiberufliche grafische Gestaltungen, fotografische Auftragsarbeiten und Web Design<\/li>\n<li>Beruf: DTP-Grafiker<\/li>\n<\/ul>\n<p>Zahlreiche Ver\u00f6ffentlichungen von Fotos in Zeitschriften, Bildb\u00e4nden und Kalendern des Gong Verlags in M\u00fcnchen, des Sonnenverlags in Baden Baden und des Sieglers Symposium Verlags in Stuttgart, bei Agfa-Gevaert, der Bausparkasse Schw\u00e4bisch Hall, dem Diakoniewerk in Schw\u00e4bisch Hall, Globetrotter Ausr\u00fcstungen, Hamburg, \u00c4rzte Zeitung Verlags GmbH, Neu-Isenburg, GEO-Saison (Gruner &amp; Jahr) Mitarbeit am Bildband\u00a0 \u201eSchw\u00e4bisch Hall: Tradition triff Moderne.<\/p>\n<ul>\n<li>Seit 2003 Mitglied im \u201eDeutschen Verband f\u00fcr Fotografie\u201c (<a href=\"http:\/\/www.dvf-fotografie.de\/\" target=\"_blank\" rel=\"noopener\">DVF<\/a>)<\/li>\n<li>Seit 2003 erfolgreich bei nationalen und internationalen Salons und Wettbewerben<\/li>\n<li>Jurymitglied bei nationalen und internationalen Fotowettbewerben.<\/li>\n<\/ul>\n<h3>2022<\/h3>\n<ul>\n<li>Honorary Adviser (Hon. Adv. NPS) der NPS Nature Photographic Society, Hong Kong, China<\/li>\n<\/ul>\n<h3>2019<\/h3>\n<ul>\n<li>Verleihung der Auszeichnung EFIAP\/d3 (Excellence de la\u00a0<a href=\"https:\/\/www.fiap.net\/\" target=\"_blank\" rel=\"noopener noreferrer\">FIAP<\/a>\/ Exzellenz der FIAP \u2013 Diamant 3)<\/li>\n<li>\n<p>Verleihung der Auszeichnung FAUP,\u00a0Fellowship of the Asia Photographers Union, Singapore<\/p>\n<\/li>\n<\/ul>\n<h3>2017<\/h3>\n<ul>\n<li>Verleihung der Auszeichnung EFIAP\/d2 (Excellence de la\u00a0<a href=\"https:\/\/www.fiap.net\/\" target=\"_blank\" rel=\"noopener\">FIAP<\/a>\/ Exzellenz der FIAP \u2013 Diamant 2)<\/li>\n<li>Verleihung der Auszeichnung MDVF (Meister des DVF)<\/li>\n<li>Iris-Medaille in Bronze des Deutschen Verband f\u00fcr Fotografie E.V. f\u00fcr hervorragende fotografische Erfolge<br \/>(Landesebene Baden W\u00fcrttemberg)<\/li>\n<\/ul>\n<h3>2016<\/h3>\n<ul>\n<li>Verleihung der Auszeichnung EFIAP\/d1 (Excellence de la\u00a0<a href=\"https:\/\/www.fiap.net\/\" target=\"_blank\" rel=\"noopener\">FIAP<\/a>\/ Exzellenz der FIAP \u2013 Diamant 1)<\/li>\n<\/ul>\n<h3>2015<\/h3>\n<ul>\n<li>Verleihung der Auszeichnung Exzellenter K\u00fcnstler des\u00a0<a href=\"http:\/\/www.dvf-fotografie.de\/\" target=\"_blank\" rel=\"noopener\">DVF<\/a>\u00a0(EKDVF)<\/li>\n<\/ul>\n<h3>2014<\/h3>\n<ul>\n<li>Verleihung der Auszeichnung EFIAP\/p (Excellence de la FIAP\/Exzellenz der\u00a0<a href=\"https:\/\/www.fiap.net\/\" target=\"_blank\" rel=\"noopener\">FIAP<\/a>\u00a0\u2013 Platin)<\/li>\n<\/ul>\n<h3>2013<\/h3>\n<ul>\n<li>Verleihung der Auszeichnung EFIAP\/g (Excellence de la FIAP\/Exzellenz der\u00a0<a href=\"https:\/\/www.fiap.net\/\" target=\"_blank\" rel=\"noopener\">FIAP<\/a>\u00a0\u2013 Gold)<\/li>\n<\/ul>\n<h3>2012<\/h3>\n<ul>\n<li>Verleihung der Auszeichnung EFIAP\/s (Excellence de la FIAP\/Exzellenz der\u00a0<a href=\"https:\/\/www.fiap.net\/\" target=\"_blank\" rel=\"noopener\">FIAP<\/a>\u00a0\u2013 Silber)<\/li>\n<\/ul>\n<h3>2011<\/h3>\n<ul>\n<li>Verleihung der Auszeichnung K\u00fcnstler des DVF (Deutschen Verband f\u00fcr Fotografie) (KDVF )<\/li>\n<li>Verleihung der Auszeichnung EFIAP\/b (Excellence de la FIAP\/ Exzellenz der\u00a0<a href=\"https:\/\/www.fiap.net\/\" target=\"_blank\" rel=\"noopener\">FIAP<\/a>\u00a0-Bronze)<\/li>\n<\/ul>\n<h3>2010<\/h3>\n<ul>\n<li>Retina in Silber des Deutschen Verband f\u00fcr Fotografie E.V. (<a href=\"http:\/\/www.dvf-fotografie.de\/\" target=\"_blank\" rel=\"noopener\">DVF<\/a>), f\u00fcr hervorragende fotografische Erfolge (Landesebene Baden W\u00fcrttemberg)<\/li>\n<\/ul>\n<h3>2009<\/h3>\n<ul>\n<li>Verleihung der Auszeichnung EFIAP (Excellence de la FIAP\/ Exzellenz der\u00a0<a href=\"https:\/\/www.fiap.net\/\" target=\"_blank\" rel=\"noopener\">FIAP<\/a>)<\/li>\n<li>Retina in Gold des Deutschen Verband f\u00fcr Fotografie E.V. (<a href=\"http:\/\/www.dvf-fotografie.de\/\" target=\"_blank\" rel=\"noopener\">DVF<\/a>) f\u00fcr hervorragende fotografische Erfolge<\/li>\n<\/ul>\n<h3>2007<\/h3>\n<ul>\n<li>Retina in Silber des<a href=\"http:\/\/www.dvf-fotografie.de\/\" target=\"_blank\" rel=\"noopener\">\u00a0Deutschen Verband f\u00fcr Fotografie E.V<\/a>. f\u00fcr hervorragende fotografische Erfolge<\/li>\n<\/ul>\n<h3>2006<\/h3>\n<ul>\n<li>Verleihung der Auszeichnung AFIAP = \u201eArtiste der Federation Int. de l\u2019Art Photographique\u201c (K\u00fcnstler der\u00a0<a href=\"https:\/\/www.fiap.net\/\" target=\"_blank\" rel=\"noopener\">FIAP<\/a>)<\/li>\n<li>Retina in Bronze des Deutschen Verband f\u00fcr Fotografie E.V. f\u00fcr hervorragende fotografische Erfolge<\/li>\n<\/ul>\n<h2>Kalender<\/h2>\n<ul>\n<li>Mitarbeit am Kalenderprojekt \u201eSchw\u00e4bisch Hall 2019\u201c, Edition Haller Tagblatt<\/li>\n<li>Mitarbeit am Kalenderprojekt \u201eSchw\u00e4bisch Hall 2018\u201c, Edition Haller Tagblatt<\/li>\n<li>Kalender \u201eFaszination Antarktika 2015\u201c in Zusammenarbeit mit der Firma Ziehl-Abegg SE<\/li>\n<li>Teilnahme am Kalenderprojekt \u201eSchw\u00e4bisch Hall 2015\u201c, Edition Haller Tagblatt<\/li>\n<li>Ver\u00f6ffentlichungen im Verlagskalender \u201eWunderwerke der Natur 2012\u201c der Walter Medien GmbH, Brackenheim<\/li>\n<li>Ver\u00f6ffentlichungen im Verlagskalender \u201eKlages Weltweisheiten Kalender 2012 des Klages Kalenderverlags in M\u00fcnchen<\/li>\n<li>Kalender \u201eAntarktika 2012\u201c in Zusammenarbeit mit dem Zeitungsverlag Schw\u00e4bisch Hall GmbH<\/li>\n<li>Ver\u00f6ffentlichungen im Verlagskalender \u201eElemente 2010\u201c der Walter Medien GmbH, Brackenheim<\/li>\n<li>Ver\u00f6ffentlichungen im Verlagskalender \u201eNaturschauspiele 2010\u201c der Walter Medien GmbH, Brackenheim<\/li>\n<li>Ver\u00f6ffentlichungen im Verlagskalender \u201eElemente 2009\u201c der Walter Medien GmbH, Brackenheim<\/li>\n<li>Ver\u00f6ffentlichungen im Verlagskalender \u201eFaszination Erde 2009\u201c der Walter Medien GmbH, Brackenheim<\/li>\n<li>Teilnahme am Kalenderprojekt \u201eDas sch\u00f6ne Haller Land 2008\u201c, Edition Haller Tagblatt<\/li>\n<li>Kalender \u201ePinupkalender 2008\u201c in Zusammenarbeit mit der Firma RECA NORM in Kupferzell<\/li>\n<li>Kalender 2008 \u201eHeimisches Obst und Gem\u00fcse\u201c in Zusammenarbeit mit dem evangelischen Diakoniewerk in Schw\u00e4bisch Hall<\/li>\n<li>Kalender \u201ePinupkalender 2007\u201c in Zusammenarbeit mit der Firma RECA NORM in Kupferzell<\/li>\n<li>Teilnahme am Kalenderprojekt \u201e850 Jahre Hall 2006\u201c, Edition Haller Tagblatt<\/li>\n<li>Kalender \u201ePinupkalender 2006\u201c in Zusammenarbeit mit der Firma RECA NORM in Kupferzell<\/li>\n<li>Kalender \u201ePinupkalender 2005\u201c in Zusammenarbeit mit der Firma RECA NORM in Kupferzell<\/li>\n<li>Kalender \u201eIceland-Art 2005\u201c in Zusammenarbeit mit der Kreuz\u00e4ckerapotheke in Schw\u00e4bisch Hall<\/li>\n<li>Kalender \u201eFarbwelten 2004\u201c in Zusammenarbeit mit der Druckerei m.o. Druck in Schw\u00e4bisch Hall\/B\u00fchlerzimmern<\/li>\n<li>Teilnahme am Kalenderprojekt \u201eWolken 1995\u201c, Bausparkasse Schw\u00e4bisch Hall<\/li>\n<li>Teilnahme am Kalenderprojekt \u201eWasser 1994\u201c, Bausparkasse Schw\u00e4bisch Hall<\/li>\n<\/ul>\n[\/et_pb_text][\/et_pb_column][\/et_pb_row][\/et_pb_section]","protected":false},"excerpt":{"rendered":"<p>Treibende Kraft ist f\u00fcr mich die Liebe zum Reisen, zur Natur und zur Fotografie. Das Eine wird durch das Andere erg\u00e4nzt. Durch die Fotografie habe ich \u201eSehen\u201c, also intensiver Wahrnehmen gelernt. Das empfinde ich immer wieder als phantastisch. Ich verstehe mich nicht allein als Fotograf der die Realit\u00e4t ablichtet, ich suche vor allem den k\u00fcnstlerischen [&hellip;]<\/p>\n","protected":false},"author":1,"featured_media":0,"parent":0,"menu_order":20,"comment_status":"closed","ping_status":"closed","template":"","meta":{"_et_pb_use_builder":"on","_et_pb_old_content":"<p>[et_pb_section bb_built=\"1\" specialty=\"off\" next_background_color=\"#000000\" _builder_version=\"3.19.1\" custom_padding=\"0px|0px|0px|0px\" disabled=\"off\" disabled_on=\"off|off|\" custom_margin=\"0px||0px|\" module_id=\"new_logo\"][et_pb_row background_position=\"top_left\" background_repeat=\"repeat\" background_size=\"initial\" _builder_version=\"3.19.1\" module_alignment=\"center\" custom_padding=\"0px|0px|40px|0px\" border_width_bottom=\"1px\" border_color_bottom=\"#d8d8d8\" custom_margin=\"0px||0px|\"][et_pb_column type=\"4_4\"][et_pb_image admin_label=\"Logo\" _builder_version=\"3.19\" src=\"https:\/\/koepf-photoart.de\/wp-content\/uploads\/2018\/12\/Logo-AK.png\" align=\"center\" custom_padding=\"0px|0px|0px|0px\" url=\"https:\/\/koepf-photoart.de\/\" custom_margin=\"0px||0px|\" module_id=\"logo-neu\" \/][\/et_pb_column][\/et_pb_row][\/et_pb_section][et_pb_section bb_built=\"1\" prev_background_color=\"#000000\" _builder_version=\"3.18.2\" custom_padding=\"||100px|\"][et_pb_row][et_pb_column type=\"4_4\"][et_pb_image _builder_version=\"3.18.2\" src=\"https:\/\/koepf-photoart.de\/wp-content\/uploads\/2018\/12\/AK-Antarctica.jpg\" \/][et_pb_text admin_label=\"Treibende Kraft ist \" _builder_version=\"3.18.2\" custom_padding=\"||40px|\" border_width_bottom=\"1px\" border_color_bottom=\"#d8d8d8\"]<\/p><p>Treibende Kraft ist f\u00fcr mich die Liebe zum Reisen, zur Natur und zur Fotografie. Das Eine wird durch das Andere erg\u00e4nzt. Durch die Fotografie habe ich \u201eSehen\u201c, also intensiver Wahrnehmen gelernt. Das empfinde ich immer wieder als phantastisch. Ich verstehe mich nicht allein als Fotograf der die Realit\u00e4t ablichtet, ich suche vor allem den k\u00fcnstlerischen Ansatz der Fotografie.<\/p><p>[\/et_pb_text][\/et_pb_column][\/et_pb_row][et_pb_row][et_pb_column type=\"4_4\"][et_pb_text _builder_version=\"3.19.2\"]<\/p><h1>\u00a0Vita<\/h1><ul><li>1968 geboren<\/li><li>1980 erstes Interesse an der Fotografie<\/li><li>ab 1989 autodidaktisches Studium der Fotografie, experimentelle Fotografie<\/li><li>Seit 1992 Freier Mitarbeiter der Sport- und Lokalredaktion des Haller Tagblatts als Fotograf, Berichterstattung, Reportagen<\/li><li>Zahlreiche freiberufliche grafische Gestaltungen, fotografische Auftragsarbeiten und Web Design<\/li><li>Beruf: DTP-Grafiker<\/li><\/ul><p>Zahlreiche Ver\u00f6ffentlichungen von Fotos in Zeitschriften, Bildb\u00e4nden und Kalendern des Gong Verlags in M\u00fcnchen, des Sonnenverlags in Baden Baden und des Sieglers Symposium Verlags in Stuttgart, bei Agfa-Gevaert, der Bausparkasse Schw\u00e4bisch Hall, dem Diakoniewerk in Schw\u00e4bisch Hall, Globetrotter Ausr\u00fcstungen, Hamburg, \u00c4rzte Zeitung Verlags GmbH, Neu-Isenburg, GEO-Saison (Gruner & Jahr) Mitarbeit am Bildband\u00a0 \u201eSchw\u00e4bisch Hall: Tradition triff Moderne.<\/p><ul><li>Seit 2003 Mitglied im \u201eDeutschen Verband f\u00fcr Fotografie\u201c (<a href=\"http:\/\/www.dvf-fotografie.de\/\" target=\"_blank\" rel=\"noopener\">DVF<\/a>)<\/li><li>Seit 2003 erfolgreich bei nationalen und internationalen Salons und Wettbewerben<\/li><li>Jurymitglied bei nationalen und internationalen Fotowettbewerben.<\/li><\/ul><h3>2017<\/h3><ul><li>Verleihung der Auszeichnung EFIAP\/d2 (Excellence de la\u00a0<a href=\"https:\/\/www.fiap.net\/\" target=\"_blank\" rel=\"noopener\">FIAP<\/a>\/ Exzellenz der FIAP \u2013 Diamant 2)<\/li><li>Verleihung der Auszeichnung MDVF (Meister des DVF)<\/li><li>Iris-Medaille in Bronze des Deutschen Verband f\u00fcr Fotografie E.V. f\u00fcr hervorragende fotografische Erfolge<br \/>(Landesebene Baden W\u00fcrttemberg)<\/li><\/ul><h3>2016<\/h3><ul><li>Verleihung der Auszeichnung EFIAP\/d1 (Excellence de la\u00a0<a href=\"https:\/\/www.fiap.net\/\" target=\"_blank\" rel=\"noopener\">FIAP<\/a>\/ Exzellenz der FIAP \u2013 Diamant 1)<\/li><\/ul><h3>2015<\/h3><ul><li>Verleihung der Auszeichnung Exzellenter K\u00fcnstler des\u00a0<a href=\"http:\/\/www.dvf-fotografie.de\/\" target=\"_blank\" rel=\"noopener\">DVF<\/a>\u00a0(EKDVF)<\/li><\/ul><h3>2014<\/h3><ul><li>Verleihung der Auszeichnung EFIAP\/p (Excellence de la FIAP\/Exzellenz der\u00a0<a href=\"https:\/\/www.fiap.net\/\" target=\"_blank\" rel=\"noopener\">FIAP<\/a>\u00a0\u2013 Platin)<\/li><\/ul><h3>2013<\/h3><ul><li>Verleihung der Auszeichnung EFIAP\/g (Excellence de la FIAP\/Exzellenz der\u00a0<a href=\"https:\/\/www.fiap.net\/\" target=\"_blank\" rel=\"noopener\">FIAP<\/a>\u00a0\u2013 Gold)<\/li><\/ul><h3>2012<\/h3><ul><li>Verleihung der Auszeichnung EFIAP\/s (Excellence de la FIAP\/Exzellenz der\u00a0<a href=\"https:\/\/www.fiap.net\/\" target=\"_blank\" rel=\"noopener\">FIAP<\/a>\u00a0\u2013 Silber)<\/li><\/ul><h3>2011<\/h3><ul><li>Verleihung der Auszeichnung K\u00fcnstler des DVF (Deutschen Verband f\u00fcr Fotografie) (KDVF )<\/li><li>Verleihung der Auszeichnung EFIAP\/b (Excellence de la FIAP\/ Exzellenz der\u00a0<a href=\"https:\/\/www.fiap.net\/\" target=\"_blank\" rel=\"noopener\">FIAP<\/a>\u00a0-Bronze)<\/li><\/ul><h3>2010<\/h3><ul><li>Retina in Silber des Deutschen Verband f\u00fcr Fotografie E.V. (<a href=\"http:\/\/www.dvf-fotografie.de\/\" target=\"_blank\" rel=\"noopener\">DVF<\/a>), f\u00fcr hervorragende fotografische Erfolge (Landesebene Baden W\u00fcrttemberg)<\/li><\/ul><h3>2009<\/h3><ul><li>Verleihung der Auszeichnung EFIAP (Excellence de la FIAP\/ Exzellenz der\u00a0<a href=\"https:\/\/www.fiap.net\/\" target=\"_blank\" rel=\"noopener\">FIAP<\/a>)<\/li><li>Retina in Gold des Deutschen Verband f\u00fcr Fotografie E.V. (<a href=\"http:\/\/www.dvf-fotografie.de\/\" target=\"_blank\" rel=\"noopener\">DVF<\/a>) f\u00fcr hervorragende fotografische Erfolge<\/li><\/ul><h3>2007<\/h3><ul><li>Retina in Silber des<a href=\"http:\/\/www.dvf-fotografie.de\/\" target=\"_blank\" rel=\"noopener\">\u00a0Deutschen Verband f\u00fcr Fotografie E.V<\/a>. f\u00fcr hervorragende fotografische Erfolge<\/li><\/ul><h3>2006<\/h3><ul><li>Verleihung der Auszeichnung AFIAP = \u201eArtiste der Federation Int. de l\u2019Art Photographique\u201c (K\u00fcnstler der\u00a0<a href=\"https:\/\/www.fiap.net\/\" target=\"_blank\" rel=\"noopener\">FIAP<\/a>)<\/li><li>Retina in Bronze des Deutschen Verband f\u00fcr Fotografie E.V. f\u00fcr hervorragende fotografische Erfolge<\/li><\/ul><h2>Kalender<\/h2><ul><li>Mitarbeit am Kalenderprojekt \u201eSchw\u00e4bisch Hall 2019\u201c, Edition Haller Tagblatt<\/li><li>Mitarbeit am Kalenderprojekt \u201eSchw\u00e4bisch Hall 2018\u201c, Edition Haller Tagblatt<\/li><li>Kalender \u201eFaszination Antarktika 2015\u201c in Zusammenarbeit mit der Firma Ziehl-Abegg SE<\/li><li>Teilnahme am Kalenderprojekt \u201eSchw\u00e4bisch Hall 2015\u201c, Edition Haller Tagblatt<\/li><li>Ver\u00f6ffentlichungen im Verlagskalender \u201eWunderwerke der Natur 2012\u201c der Walter Medien GmbH, Brackenheim<\/li><li>Ver\u00f6ffentlichungen im Verlagskalender \u201eKlages Weltweisheiten Kalender 2012 des Klages Kalenderverlags in M\u00fcnchen<\/li><li>Kalender \u201eAntarktika 2012\u201c in Zusammenarbeit mit dem Zeitungsverlag Schw\u00e4bisch Hall GmbH<\/li><li>Ver\u00f6ffentlichungen im Verlagskalender \u201eElemente 2010\u201c der Walter Medien GmbH, Brackenheim<\/li><li>Ver\u00f6ffentlichungen im Verlagskalender \u201eNaturschauspiele 2010\u201c der Walter Medien GmbH, Brackenheim<\/li><li>Ver\u00f6ffentlichungen im Verlagskalender \u201eElemente 2009\u201c der Walter Medien GmbH, Brackenheim<\/li><li>Ver\u00f6ffentlichungen im Verlagskalender \u201eFaszination Erde 2009\u201c der Walter Medien GmbH, Brackenheim<\/li><li>Teilnahme am Kalenderprojekt \u201eDas sch\u00f6ne Haller Land 2008\u201c, Edition Haller Tagblatt<\/li><li>Kalender \u201ePinupkalender 2008\u201c in Zusammenarbeit mit der Firma RECA NORM in Kupferzell<\/li><li>Kalender 2008 \u201eHeimisches Obst und Gem\u00fcse\u201c in Zusammenarbeit mit dem evangelischen Diakoniewerk in Schw\u00e4bisch Hall<\/li><li>Kalender \u201ePinupkalender 2007\u201c in Zusammenarbeit mit der Firma RECA NORM in Kupferzell<\/li><li>Teilnahme am Kalenderprojekt \u201e850 Jahre Hall 2006\u201c, Edition Haller Tagblatt<\/li><li>Kalender \u201ePinupkalender 2006\u201c in Zusammenarbeit mit der Firma RECA NORM in Kupferzell<\/li><li>Kalender \u201ePinupkalender 2005\u201c in Zusammenarbeit mit der Firma RECA NORM in Kupferzell<\/li><li>Kalender \u201eIceland-Art 2005\u201c in Zusammenarbeit mit der Kreuz\u00e4ckerapotheke in Schw\u00e4bisch Hall<\/li><li>Kalender \u201eFarbwelten 2004\u201c in Zusammenarbeit mit der Druckerei m.o. Druck in Schw\u00e4bisch Hall\/B\u00fchlerzimmern<\/li><li>Teilnahme am Kalenderprojekt \u201eWolken 1995\u201c, Bausparkasse Schw\u00e4bisch Hall<\/li><li>Teilnahme am Kalenderprojekt \u201eWasser 1994\u201c, Bausparkasse Schw\u00e4bisch Hall<\/li><\/ul><p>[\/et_pb_text][\/et_pb_column][\/et_pb_row][\/et_pb_section]<\/p>","_et_gb_content_width":"","footnotes":""},"class_list":["post-89","page","type-page","status-publish","hentry"],"_links":{"self":[{"href":"https:\/\/koepf-photoart.de\/en\/wp-json\/wp\/v2\/pages\/89","targetHints":{"allow":["GET"]}}],"collection":[{"href":"https:\/\/koepf-photoart.de\/en\/wp-json\/wp\/v2\/pages"}],"about":[{"href":"https:\/\/koepf-photoart.de\/en\/wp-json\/wp\/v2\/types\/page"}],"author":[{"embeddable":true,"href":"https:\/\/koepf-photoart.de\/en\/wp-json\/wp\/v2\/users\/1"}],"replies":[{"embeddable":true,"href":"https:\/\/koepf-photoart.de\/en\/wp-json\/wp\/v2\/comments?post=89"}],"version-history":[{"count":3,"href":"https:\/\/koepf-photoart.de\/en\/wp-json\/wp\/v2\/pages\/89\/revisions"}],"predecessor-version":[{"id":6304,"href":"https:\/\/koepf-photoart.de\/en\/wp-json\/wp\/v2\/pages\/89\/revisions\/6304"}],"wp:attachment":[{"href":"https:\/\/koepf-photoart.de\/en\/wp-json\/wp\/v2\/media?parent=89"}],"curies":[{"name":"wp","href":"https:\/\/api.w.org\/{rel}","templated":true}]}}