{"id":98,"date":"2019-01-01T12:33:59","date_gmt":"2019-01-01T11:33:59","guid":{"rendered":"https:\/\/koepfweb.de\/en\/kontakt\/"},"modified":"2019-01-02T11:14:12","modified_gmt":"2019-01-02T10:14:12","slug":"contact","status":"publish","type":"page","link":"https:\/\/koepf-photoart.de\/en\/contact\/","title":{"rendered":"Contact"},"content":{"rendered":"[et_pb_section bb_built=&#8221;1&#8243; specialty=&#8221;off&#8221; next_background_color=&#8221;#000000&#8243; _builder_version=&#8221;3.19.3&#8243; custom_padding=&#8221;0px|0px|0px|0px&#8221; disabled=&#8221;off&#8221; disabled_on=&#8221;off|off|&#8221; custom_margin=&#8221;0px||0px|&#8221; module_id=&#8221;new_logo&#8221; global_module=&#8221;4207&#8243;][et_pb_row global_parent=&#8221;4207&#8243; background_position=&#8221;top_left&#8221; background_repeat=&#8221;repeat&#8221; background_size=&#8221;initial&#8221; _builder_version=&#8221;3.19.1&#8243; module_alignment=&#8221;center&#8221; custom_padding=&#8221;0px|0px|40px|0px&#8221; border_width_bottom=&#8221;1px&#8221; border_color_bottom=&#8221;#d8d8d8&#8243; custom_margin=&#8221;0px||0px|&#8221;][et_pb_column type=&#8221;4_4&#8243;][et_pb_image admin_label=&#8221;Logo&#8221; global_parent=&#8221;4207&#8243; _builder_version=&#8221;3.19.3&#8243; src=&#8221;https:\/\/koepf-photoart.de\/en\/wp-content\/uploads\/sites\/3\/2019\/01\/Logo-AK.png&#8221; align=&#8221;center&#8221; custom_padding=&#8221;0px|0px|0px|0px&#8221; url=&#8221;https:\/\/koepf-photoart.de\/en\/&#8221; custom_margin=&#8221;0px||0px|&#8221; module_id=&#8221;logo-neu&#8221; \/][\/et_pb_column][\/et_pb_row][\/et_pb_section][et_pb_section bb_built=&#8221;1&#8243; _builder_version=&#8221;3.18.2&#8243; custom_padding=&#8221;||100px|&#8221; next_background_color=&#8221;#000000&#8243; prev_background_color=&#8221;#000000&#8243;][et_pb_row _builder_version=&#8221;3.18.2&#8243;][et_pb_column type=&#8221;4_4&#8243;][et_pb_image _builder_version=&#8221;3.19.2&#8243; src=&#8221;https:\/\/koepf-photoart.de\/wp-content\/uploads\/2018\/12\/kontakt.jpg&#8221; \/][\/et_pb_column][\/et_pb_row][et_pb_row _builder_version=&#8221;3.18.2&#8243; module_alignment=&#8221;center&#8221; custom_padding=&#8221;40px|0px|40px|0px&#8221; border_width_bottom=&#8221;1px&#8221; border_color_bottom=&#8221;#d8d8d8&#8243;][et_pb_column type=&#8221;4_4&#8243;][et_pb_text admin_label=&#8221;Contact&#8221; _builder_version=&#8221;3.19.2&#8243; text_orientation=&#8221;center&#8221; header_text_align=&#8221;center&#8221; custom_padding=&#8221;0px|0px|0px|&#8221;]\n<h1>Contact<\/h1>\n[\/et_pb_text][\/et_pb_column][\/et_pb_row][\/et_pb_section][et_pb_section bb_built=&#8221;1&#8243; prev_background_color=&#8221;#000000&#8243; _builder_version=&#8221;3.18.2&#8243; custom_padding=&#8221;0px|0px|100px|0px&#8221;][et_pb_row _builder_version=&#8221;3.18.2&#8243; custom_padding=&#8221;0px|0px|0px|&#8221;][et_pb_column type=&#8221;1_2&#8243;][et_pb_text _builder_version=&#8221;3.18.2&#8243; custom_padding=&#8221;0px|0px|0px|0px&#8221;]\n<p>\nIhnen gefallen meine Bilder oder Sie haben Fragen und Anregungen?<\/p>\n<p>Dann nehmen Sie doch einfach Kontakt mit mir auf. Ich freue mich dar\u00fcber.<\/p>\n<p>&nbsp;<\/p>\n[\/et_pb_text][et_pb_text admin_label=&#8221;Anschrift + Telefonnummer&#8221; _builder_version=&#8221;3.18.2&#8243; custom_padding=&#8221;0px||0px|&#8221;]\n<p>\nAchim K\u00f6pf<br \/>Karlsbader Weg 47<br \/>74523 Schw\u00e4bisch Hall<\/p>\n<p>Telefon: 0151-14978421<\/p>\n<p>&nbsp;<\/p>\n[\/et_pb_text][\/et_pb_column][et_pb_column type=&#8221;1_2&#8243;][et_pb_contact_form _builder_version=&#8221;3.19.2&#8243; success_message=&#8221;Vielen Dank f\u00fcr Ihre Nachricht. Ich melde mich zeitnah bei Ihnen.&#8221; submit_button_text=&#8221;Send&#8221; email=&#8221;kontakt@koepfweb.de&#8221; captcha=&#8221;off&#8221; custom_button=&#8221;on&#8221; button_text_size=&#8221;16&#8243; button_text_color=&#8221;#454545&#8243; button_border_color=&#8221;#454545&#8243; button_use_icon=&#8221;off&#8221; button_border_width=&#8221;1&#8243; custom_padding=&#8221;0px|0px|0px|0px&#8221;][et_pb_contact_field field_title=&#8221;name&#8221; field_type=&#8221;input&#8221; field_id=&#8221;name&#8221; required_mark=&#8221;on&#8221; fullwidth_field=&#8221;on&#8221; _builder_version=&#8221;3.19.2&#8243; checkbox_checked=&#8221;off&#8221; checkbox_options=&#8221;%91{%22value%22:%22Name%22,%22checked%22:0}%93&#8243; radio_options=&#8221;%91{%22value%22:%22Name%22,%22checked%22:0}%93&#8243; select_options=&#8221;%91{%22value%22:%22Name%22,%22checked%22:0}%93&#8243; min_length=&#8221;0&#8243; max_length=&#8221;0&#8243; allowed_symbols=&#8221;all&#8221; conditional_logic=&#8221;off&#8221; conditional_logic_relation=&#8221;off&#8221; conditional_logic_rules=&#8221;%91{%22field%22:%22email%22,%22condition%22:%22is%22,%22value%22:%22%22}%93&#8243; link_option_url_new_window=&#8221;off&#8221; use_background_color_gradient=&#8221;off&#8221; background_color_gradient_start=&#8221;#2b87da&#8221; background_color_gradient_end=&#8221;#29c4a9&#8243; background_color_gradient_type=&#8221;linear&#8221; background_color_gradient_direction=&#8221;180deg&#8221; background_color_gradient_direction_radial=&#8221;center&#8221; background_color_gradient_start_position=&#8221;0%&#8221; background_color_gradient_end_position=&#8221;100%&#8221; background_color_gradient_overlays_image=&#8221;off&#8221; parallax=&#8221;off&#8221; parallax_method=&#8221;on&#8221; background_size=&#8221;cover&#8221; background_position=&#8221;center&#8221; background_repeat=&#8221;no-repeat&#8221; background_blend=&#8221;normal&#8221; allow_player_pause=&#8221;off&#8221; background_video_pause_outside_viewport=&#8221;on&#8221; form_field_text_shadow_style=&#8221;none&#8221; box_shadow_style=&#8221;none&#8221; hover_transition_duration=&#8221;300ms&#8221; hover_transition_delay=&#8221;0ms&#8221; hover_transition_speed_curve=&#8221;ease&#8221; form_field_text_shadow_horizontal_length=&#8221;0em&#8221; form_field_text_shadow_vertical_length=&#8221;0em&#8221; form_field_text_shadow_blur_strength=&#8221;0em&#8221; \/][et_pb_contact_field field_title=&#8221;email-adress&#8221; field_type=&#8221;email&#8221; field_id=&#8221;email&#8221; required_mark=&#8221;on&#8221; fullwidth_field=&#8221;on&#8221; _builder_version=&#8221;3.19.2&#8243; checkbox_checked=&#8221;off&#8221; checkbox_options=&#8221;%91{%22value%22:%22E-Mail-Adresse%22,%22checked%22:0}%93&#8243; radio_options=&#8221;%91{%22value%22:%22E-Mail-Adresse%22,%22checked%22:0}%93&#8243; select_options=&#8221;%91{%22value%22:%22E-Mail-Adresse%22,%22checked%22:0}%93&#8243; min_length=&#8221;0&#8243; max_length=&#8221;0&#8243; allowed_symbols=&#8221;all&#8221; conditional_logic=&#8221;off&#8221; conditional_logic_relation=&#8221;off&#8221; conditional_logic_rules=&#8221;%91{%22field%22:%22name%22,%22condition%22:%22is%22,%22value%22:%22%22}%93&#8243; link_option_url_new_window=&#8221;off&#8221; use_background_color_gradient=&#8221;off&#8221; background_color_gradient_start=&#8221;#2b87da&#8221; background_color_gradient_end=&#8221;#29c4a9&#8243; background_color_gradient_type=&#8221;linear&#8221; background_color_gradient_direction=&#8221;180deg&#8221; background_color_gradient_direction_radial=&#8221;center&#8221; background_color_gradient_start_position=&#8221;0%&#8221; background_color_gradient_end_position=&#8221;100%&#8221; background_color_gradient_overlays_image=&#8221;off&#8221; parallax=&#8221;off&#8221; parallax_method=&#8221;on&#8221; background_size=&#8221;cover&#8221; background_position=&#8221;center&#8221; background_repeat=&#8221;no-repeat&#8221; background_blend=&#8221;normal&#8221; allow_player_pause=&#8221;off&#8221; background_video_pause_outside_viewport=&#8221;on&#8221; form_field_text_shadow_style=&#8221;none&#8221; box_shadow_style=&#8221;none&#8221; hover_transition_duration=&#8221;300ms&#8221; hover_transition_delay=&#8221;0ms&#8221; hover_transition_speed_curve=&#8221;ease&#8221; form_field_text_shadow_horizontal_length=&#8221;0em&#8221; form_field_text_shadow_vertical_length=&#8221;0em&#8221; form_field_text_shadow_blur_strength=&#8221;0em&#8221; \/][et_pb_contact_field field_title=&#8221;message&#8221; field_type=&#8221;text&#8221; field_id=&#8221;message&#8221; required_mark=&#8221;on&#8221; fullwidth_field=&#8221;on&#8221; _builder_version=&#8221;3.19.2&#8243; checkbox_checked=&#8221;off&#8221; checkbox_options=&#8221;%91{%22value%22:%22Nachricht%22,%22checked%22:0}%93&#8243; radio_options=&#8221;%91{%22value%22:%22Nachricht%22,%22checked%22:0}%93&#8243; select_options=&#8221;%91{%22value%22:%22Nachricht%22,%22checked%22:0}%93&#8243; min_length=&#8221;0&#8243; max_length=&#8221;0&#8243; allowed_symbols=&#8221;all&#8221; conditional_logic=&#8221;off&#8221; conditional_logic_relation=&#8221;off&#8221; conditional_logic_rules=&#8221;%91{%22field%22:%22name%22,%22condition%22:%22is%22,%22value%22:%22%22}%93&#8243; link_option_url_new_window=&#8221;off&#8221; use_background_color_gradient=&#8221;off&#8221; background_color_gradient_start=&#8221;#2b87da&#8221; background_color_gradient_end=&#8221;#29c4a9&#8243; background_color_gradient_type=&#8221;linear&#8221; background_color_gradient_direction=&#8221;180deg&#8221; background_color_gradient_direction_radial=&#8221;center&#8221; background_color_gradient_start_position=&#8221;0%&#8221; background_color_gradient_end_position=&#8221;100%&#8221; background_color_gradient_overlays_image=&#8221;off&#8221; parallax=&#8221;off&#8221; parallax_method=&#8221;on&#8221; background_size=&#8221;cover&#8221; background_position=&#8221;center&#8221; background_repeat=&#8221;no-repeat&#8221; background_blend=&#8221;normal&#8221; allow_player_pause=&#8221;off&#8221; background_video_pause_outside_viewport=&#8221;on&#8221; form_field_text_shadow_style=&#8221;none&#8221; box_shadow_style=&#8221;none&#8221; hover_transition_duration=&#8221;300ms&#8221; hover_transition_delay=&#8221;0ms&#8221; hover_transition_speed_curve=&#8221;ease&#8221; \/][et_pb_contact_field _builder_version=&#8221;3.19.2&#8243; field_id=&#8221;Privacy_Policy&#8221; field_title=&#8221;Zustimmung zur Datenschutzerkl\u00e4rung&#8221; field_type=&#8221;checkbox&#8221; checkbox_checked=&#8221;off&#8221; checkbox_options=&#8221;%91{%22value%22:%22Ich habe die Datenschutzerkl\u00e4rung zur Kenntnis genommen. Ich stimme zu, dass meine Angaben und Daten zur Beantwortung meiner Anfrage elektronisch erhoben und gespeichert werden. Hinweis: Sie k\u00f6nnen Ihre Einwilligung jederzeit f\u00fcr die Zukunft per E-Mail an kontakt@koepfweb.de widerrufen.%22,%22checked%22:0}%93&#8243; radio_options=&#8221;%91{%22value%22:%22%22,%22checked%22:0}%93&#8243; select_options=&#8221;%91{%22value%22:%22%22,%22checked%22:0}%93&#8243; min_length=&#8221;0&#8243; max_length=&#8221;0&#8243; allowed_symbols=&#8221;all&#8221; required_mark=&#8221;on&#8221; conditional_logic=&#8221;off&#8221; conditional_logic_relation=&#8221;off&#8221; conditional_logic_rules=&#8221;%91{%22field%22:%22name%22,%22condition%22:%22is%22,%22value%22:%22%22}%93&#8243; link_option_url_new_window=&#8221;off&#8221; use_background_color_gradient=&#8221;off&#8221; background_color_gradient_start=&#8221;#2b87da&#8221; background_color_gradient_end=&#8221;#29c4a9&#8243; background_color_gradient_type=&#8221;linear&#8221; background_color_gradient_direction=&#8221;180deg&#8221; background_color_gradient_direction_radial=&#8221;center&#8221; background_color_gradient_start_position=&#8221;0%&#8221; background_color_gradient_end_position=&#8221;100%&#8221; background_color_gradient_overlays_image=&#8221;off&#8221; parallax=&#8221;off&#8221; parallax_method=&#8221;on&#8221; background_size=&#8221;cover&#8221; background_position=&#8221;center&#8221; background_repeat=&#8221;no-repeat&#8221; background_blend=&#8221;normal&#8221; allow_player_pause=&#8221;off&#8221; background_video_pause_outside_viewport=&#8221;on&#8221; fullwidth_field=&#8221;on&#8221; form_field_text_shadow_style=&#8221;none&#8221; box_shadow_style=&#8221;none&#8221; hover_transition_duration=&#8221;300ms&#8221; hover_transition_delay=&#8221;0ms&#8221; hover_transition_speed_curve=&#8221;ease&#8221; form_field_text_shadow_horizontal_length=&#8221;0em&#8221; form_field_text_shadow_vertical_length=&#8221;0em&#8221; form_field_text_shadow_blur_strength=&#8221;0em&#8221; \/][\/et_pb_contact_form][\/et_pb_column][\/et_pb_row][\/et_pb_section]","protected":false},"excerpt":{"rendered":"<p>Contact Ihnen gefallen meine Bilder oder Sie haben Fragen und Anregungen? Dann nehmen Sie doch einfach Kontakt mit mir auf. Ich freue mich dar\u00fcber. &nbsp; Achim K\u00f6pfKarlsbader Weg 4774523 Schw\u00e4bisch Hall Telefon: 0151-14978421 &nbsp;<\/p>\n","protected":false},"author":1,"featured_media":0,"parent":0,"menu_order":80,"comment_status":"closed","ping_status":"closed","template":"","meta":{"_et_pb_use_builder":"on","_et_pb_old_content":"<p>[et_pb_section bb_built=\"1\" specialty=\"off\" next_background_color=\"#000000\" _builder_version=\"3.19.1\" custom_padding=\"0px|0px|0px|0px\" disabled=\"off\" disabled_on=\"off|off|\" custom_margin=\"0px||0px|\" module_id=\"new_logo\"][et_pb_row background_position=\"top_left\" background_repeat=\"repeat\" background_size=\"initial\" _builder_version=\"3.19.1\" module_alignment=\"center\" custom_padding=\"0px|0px|40px|0px\" border_width_bottom=\"1px\" border_color_bottom=\"#d8d8d8\" custom_margin=\"0px||0px|\"][et_pb_column type=\"4_4\"][et_pb_image admin_label=\"Logo\" _builder_version=\"3.19\" src=\"https:\/\/koepf-photoart.de\/wp-content\/uploads\/2018\/12\/Logo-AK.png\" align=\"center\" custom_padding=\"0px|0px|0px|0px\" url=\"https:\/\/koepf-photoart.de\/\" custom_margin=\"0px||0px|\" module_id=\"logo-neu\" \/][\/et_pb_column][\/et_pb_row][\/et_pb_section][et_pb_section bb_built=\"1\" _builder_version=\"3.18.2\" custom_padding=\"||100px|\" next_background_color=\"#000000\" prev_background_color=\"#000000\"][et_pb_row _builder_version=\"3.18.2\"][et_pb_column type=\"4_4\"][et_pb_image _builder_version=\"3.19.2\" src=\"https:\/\/koepf-photoart.de\/wp-content\/uploads\/2018\/12\/kontakt.jpg\" \/][\/et_pb_column][\/et_pb_row][et_pb_row _builder_version=\"3.18.2\" module_alignment=\"center\" custom_padding=\"40px|0px|40px|0px\" border_width_bottom=\"1px\" border_color_bottom=\"#d8d8d8\"][et_pb_column type=\"4_4\"][et_pb_text admin_label=\"Kontakt\" _builder_version=\"3.18.2\" text_orientation=\"center\" header_text_align=\"center\" custom_padding=\"0px|0px|0px|\"]<\/p><h1>Kontakt<\/h1><p>[\/et_pb_text][\/et_pb_column][\/et_pb_row][\/et_pb_section][et_pb_section bb_built=\"1\" prev_background_color=\"#000000\" _builder_version=\"3.18.2\" custom_padding=\"0px|0px|100px|0px\"][et_pb_row _builder_version=\"3.18.2\" custom_padding=\"0px|0px|0px|\"][et_pb_column type=\"1_2\"][et_pb_text _builder_version=\"3.18.2\" custom_padding=\"0px|0px|0px|0px\"]<\/p><p>Ihnen gefallen meine Bilder oder Sie haben Fragen und Anregungen?<\/p><p>Dann nehmen Sie doch einfach Kontakt mit mir auf. Ich freue mich dar\u00fcber.\u00a0<\/p><p>\u00a0<\/p><p>[\/et_pb_text][et_pb_text admin_label=\"Anschrift + Telefonnummer\" _builder_version=\"3.18.2\" custom_padding=\"0px||0px|\"]<\/p><p>Achim K\u00f6pf<br \/>Karlsbader Weg 47<br \/>74523 Schw\u00e4bisch Hall<\/p><p>Telefon: 0151-14978421<\/p><p>\u00a0<\/p><p>[\/et_pb_text][\/et_pb_column][et_pb_column type=\"1_2\"][et_pb_contact_form _builder_version=\"3.19.2\" success_message=\"Vielen Dank f\u00fcr Ihre Nachricht. Ich melde mich zeitnah bei Ihnen.\" submit_button_text=\"Senden\" email=\"kontakt@koepfweb.de\" captcha=\"off\" custom_button=\"on\" button_text_size=\"16\" button_text_color=\"#454545\" button_border_color=\"#454545\" button_use_icon=\"off\" button_border_width=\"1\" custom_padding=\"0px|0px|0px|0px\"][et_pb_contact_field field_title=\"Name\" field_type=\"input\" field_id=\"Name\" required_mark=\"on\" fullwidth_field=\"on\" _builder_version=\"3.19.2\" checkbox_checked=\"off\" checkbox_options=\"%91{%22value%22:%22Name%22,%22checked%22:0}%93\" radio_options=\"%91{%22value%22:%22Name%22,%22checked%22:0}%93\" select_options=\"%91{%22value%22:%22Name%22,%22checked%22:0}%93\" min_length=\"0\" max_length=\"0\" allowed_symbols=\"all\" conditional_logic=\"off\" conditional_logic_relation=\"off\" conditional_logic_rules=\"%91{%22field%22:%22email%22,%22condition%22:%22is%22,%22value%22:%22%22}%93\" link_option_url_new_window=\"off\" use_background_color_gradient=\"off\" background_color_gradient_start=\"#2b87da\" background_color_gradient_end=\"#29c4a9\" background_color_gradient_type=\"linear\" background_color_gradient_direction=\"180deg\" background_color_gradient_direction_radial=\"center\" background_color_gradient_start_position=\"0%\" background_color_gradient_end_position=\"100%\" background_color_gradient_overlays_image=\"off\" parallax=\"off\" parallax_method=\"on\" background_size=\"cover\" background_position=\"center\" background_repeat=\"no-repeat\" background_blend=\"normal\" allow_player_pause=\"off\" background_video_pause_outside_viewport=\"on\" form_field_text_shadow_style=\"none\" box_shadow_style=\"none\" hover_transition_duration=\"300ms\" hover_transition_delay=\"0ms\" hover_transition_speed_curve=\"ease\" \/][et_pb_contact_field field_title=\"E-Mail-Adresse\" field_type=\"email\" field_id=\"Email\" required_mark=\"on\" fullwidth_field=\"on\" _builder_version=\"3.19.2\" checkbox_checked=\"off\" checkbox_options=\"%91{%22value%22:%22E-Mail-Adresse%22,%22checked%22:0}%93\" radio_options=\"%91{%22value%22:%22E-Mail-Adresse%22,%22checked%22:0}%93\" select_options=\"%91{%22value%22:%22E-Mail-Adresse%22,%22checked%22:0}%93\" min_length=\"0\" max_length=\"0\" allowed_symbols=\"all\" conditional_logic=\"off\" conditional_logic_relation=\"off\" conditional_logic_rules=\"%91{%22field%22:%22name%22,%22condition%22:%22is%22,%22value%22:%22%22}%93\" link_option_url_new_window=\"off\" use_background_color_gradient=\"off\" background_color_gradient_start=\"#2b87da\" background_color_gradient_end=\"#29c4a9\" background_color_gradient_type=\"linear\" background_color_gradient_direction=\"180deg\" background_color_gradient_direction_radial=\"center\" background_color_gradient_start_position=\"0%\" background_color_gradient_end_position=\"100%\" background_color_gradient_overlays_image=\"off\" parallax=\"off\" parallax_method=\"on\" background_size=\"cover\" background_position=\"center\" background_repeat=\"no-repeat\" background_blend=\"normal\" allow_player_pause=\"off\" background_video_pause_outside_viewport=\"on\" form_field_text_shadow_style=\"none\" box_shadow_style=\"none\" hover_transition_duration=\"300ms\" hover_transition_delay=\"0ms\" hover_transition_speed_curve=\"ease\" \/][et_pb_contact_field field_title=\"Nachricht\" field_type=\"text\" field_id=\"Message\" required_mark=\"on\" fullwidth_field=\"on\" _builder_version=\"3.19.2\" \/][et_pb_contact_field _builder_version=\"3.19.2\" field_id=\"Datenschutzerkl\u00e4rung\" field_title=\"Zustimmung zur Datenschutzerkl\u00e4rung\" field_type=\"checkbox\" checkbox_checked=\"off\" checkbox_options=\"%91{%22value%22:%22Ich habe die Datenschutzerkl\u00e4rung zur Kenntnis genommen. Ich stimme zu, dass meine Angaben und Daten zur Beantwortung meiner Anfrage elektronisch erhoben und gespeichert werden. Hinweis: Sie k\u00f6nnen Ihre Einwilligung jederzeit f\u00fcr die Zukunft per E-Mail an kontakt@koepfweb.de widerrufen.%22,%22checked%22:0}%93\" radio_options=\"%91{%22value%22:%22%22,%22checked%22:0}%93\" select_options=\"%91{%22value%22:%22%22,%22checked%22:0}%93\" min_length=\"0\" max_length=\"0\" allowed_symbols=\"all\" required_mark=\"on\" conditional_logic=\"off\" conditional_logic_relation=\"off\" conditional_logic_rules=\"%91{%22field%22:%22name%22,%22condition%22:%22is%22,%22value%22:%22%22}%93\" link_option_url_new_window=\"off\" use_background_color_gradient=\"off\" background_color_gradient_start=\"#2b87da\" background_color_gradient_end=\"#29c4a9\" background_color_gradient_type=\"linear\" background_color_gradient_direction=\"180deg\" background_color_gradient_direction_radial=\"center\" background_color_gradient_start_position=\"0%\" background_color_gradient_end_position=\"100%\" background_color_gradient_overlays_image=\"off\" parallax=\"off\" parallax_method=\"on\" background_size=\"cover\" background_position=\"center\" background_repeat=\"no-repeat\" background_blend=\"normal\" allow_player_pause=\"off\" background_video_pause_outside_viewport=\"on\" fullwidth_field=\"on\" form_field_text_shadow_style=\"none\" box_shadow_style=\"none\" hover_transition_duration=\"300ms\" hover_transition_delay=\"0ms\" hover_transition_speed_curve=\"ease\" form_field_text_shadow_horizontal_length=\"0em\" form_field_text_shadow_vertical_length=\"0em\" form_field_text_shadow_blur_strength=\"0em\" \/][\/et_pb_contact_form][\/et_pb_column][\/et_pb_row][\/et_pb_section]<\/p>","_et_gb_content_width":"","footnotes":""},"class_list":["post-98","page","type-page","status-publish","hentry"],"_links":{"self":[{"href":"https:\/\/koepf-photoart.de\/en\/wp-json\/wp\/v2\/pages\/98","targetHints":{"allow":["GET"]}}],"collection":[{"href":"https:\/\/koepf-photoart.de\/en\/wp-json\/wp\/v2\/pages"}],"about":[{"href":"https:\/\/koepf-photoart.de\/en\/wp-json\/wp\/v2\/types\/page"}],"author":[{"embeddable":true,"href":"https:\/\/koepf-photoart.de\/en\/wp-json\/wp\/v2\/users\/1"}],"replies":[{"embeddable":true,"href":"https:\/\/koepf-photoart.de\/en\/wp-json\/wp\/v2\/comments?post=98"}],"version-history":[{"count":0,"href":"https:\/\/koepf-photoart.de\/en\/wp-json\/wp\/v2\/pages\/98\/revisions"}],"wp:attachment":[{"href":"https:\/\/koepf-photoart.de\/en\/wp-json\/wp\/v2\/media?parent=98"}],"curies":[{"name":"wp","href":"https:\/\/api.w.org\/{rel}","templated":true}]}}